{"id":14,"date":"2025-11-24T07:59:25","date_gmt":"2025-11-24T07:59:25","guid":{"rendered":"https:\/\/torunamazonki.pl\/?page_id=14"},"modified":"2025-11-24T08:13:22","modified_gmt":"2025-11-24T08:13:22","slug":"kontakt","status":"publish","type":"page","link":"http:\/\/torunamazonki.pl\/index.php\/kontakt\/","title":{"rendered":"Kontakt"},"content":{"rendered":"<p><\/p>\n<h2 class=\"wp-block-heading\">DANE KONTAKTOWE<br>TORU\u0143SKIEGO STOWARZYSZENIA &#8222;AMAZONKI&#8221;<\/h2><br><figure style=\"letter-spacing: -0.1px;\"><table style=\"width: 625px;\"><tbody><tr><td><strong>1,5%<\/strong>&nbsp;<strong>KRS 0000312459<br><br><\/strong><\/td><\/tr><\/tbody><\/table><\/figure><p style=\"letter-spacing: -0.1px;\"><\/p>\n<p><\/p>\n<figure>Toru\u0144skie Stowarzyszenie &#8222;<strong style=\"text-wrap-mode: initial; letter-spacing: -0.1px;\">AMAZONKI<\/strong>&#8222;<\/figure>\n<p><\/p>\n<p>KRS&nbsp;<strong>0000312459<\/strong>&nbsp;&nbsp;&nbsp;&nbsp;&nbsp;&nbsp;&nbsp;&nbsp;Regon&nbsp;<strong>340 514 388<\/strong>&nbsp;&nbsp;&nbsp;&nbsp;&nbsp;&nbsp;&nbsp;&nbsp;NIP&nbsp;<strong>879 25 79 295<\/strong><br>Konto Bankowe : PKO B P&nbsp;<strong>06102 050110 0009102 01682897<\/strong><\/p>\n<p><strong><br><\/strong><\/p>\n<p><\/p>\n<ul class=\"wp-block-list\"><p><\/p>\n<li>Adres:<br>Siedziba Stowarzyszenia &#8222;AMAZONKI&#8221; w Toruniu:<br>VI Liceum Og\u00f3lnokszta\u0142c\u0105ce, ul. Wojska Polskiego 47a<\/li>\n<p><\/p>\n<\/ul>\n<p><\/p>\n<ul class=\"wp-block-list\"><p><\/p>\n<li>E-mail:<br><a href=\"mailto:\/amazonki.torun@wp.pl\">amazonki.torun@wp.pl<\/a><\/li>\n<p><\/p>\n<li>Prezes:<br>+48&nbsp;<strong>512081097<\/strong>&nbsp;(Ola Kubacka-Du\u0144czyk)<\/li>\n<p><\/p>\n<li><strong>Telefon dy\u017curny:<br>+48&nbsp;<strong>607843603<\/strong>&nbsp;(Ochotniczki)<\/strong><\/li>\n<p><\/p>\n<\/ul>\n<p><\/p>\n<p><\/p>","protected":false},"excerpt":{"rendered":"<p>DANE KONTAKTOWETORU\u0143SKIEGO STOWARZYSZENIA &#8222;AMAZONKI&#8221; 1,5%&nbsp;KRS 0000312459 Toru\u0144skie Stowarzyszenie &#8222;AMAZONKI&#8222; KRS&nbsp;0000312459&nbsp;&nbsp;&nbsp;&nbsp;&nbsp;&nbsp;&nbsp;&nbsp;Regon&nbsp;340 514 388&nbsp;&nbsp;&nbsp;&nbsp;&nbsp;&nbsp;&nbsp;&nbsp;NIP&nbsp;879 25 79 295Konto Bankowe : PKO B P&nbsp;06102 050110 0009102 01682897<\/p>\n","protected":false},"author":1,"featured_media":0,"parent":0,"menu_order":0,"comment_status":"closed","ping_status":"closed","template":"","meta":{"footnotes":""},"class_list":["post-14","page","type-page","status-publish","hentry"],"blocksy_meta":[],"_links":{"self":[{"href":"http:\/\/torunamazonki.pl\/index.php\/wp-json\/wp\/v2\/pages\/14","targetHints":{"allow":["GET"]}}],"collection":[{"href":"http:\/\/torunamazonki.pl\/index.php\/wp-json\/wp\/v2\/pages"}],"about":[{"href":"http:\/\/torunamazonki.pl\/index.php\/wp-json\/wp\/v2\/types\/page"}],"author":[{"embeddable":true,"href":"http:\/\/torunamazonki.pl\/index.php\/wp-json\/wp\/v2\/users\/1"}],"replies":[{"embeddable":true,"href":"http:\/\/torunamazonki.pl\/index.php\/wp-json\/wp\/v2\/comments?post=14"}],"version-history":[{"count":6,"href":"http:\/\/torunamazonki.pl\/index.php\/wp-json\/wp\/v2\/pages\/14\/revisions"}],"predecessor-version":[{"id":28,"href":"http:\/\/torunamazonki.pl\/index.php\/wp-json\/wp\/v2\/pages\/14\/revisions\/28"}],"wp:attachment":[{"href":"http:\/\/torunamazonki.pl\/index.php\/wp-json\/wp\/v2\/media?parent=14"}],"curies":[{"name":"wp","href":"https:\/\/api.w.org\/{rel}","templated":true}]}}