{"id":18,"date":"2025-11-24T08:00:25","date_gmt":"2025-11-24T08:00:25","guid":{"rendered":"https:\/\/torunamazonki.pl\/?page_id=18"},"modified":"2025-12-02T11:38:07","modified_gmt":"2025-12-02T11:38:07","slug":"o-nas","status":"publish","type":"page","link":"http:\/\/torunamazonki.pl\/index.php\/o-nas\/","title":{"rendered":"O nas"},"content":{"rendered":"\t\t<div data-elementor-type=\"wp-page\" data-elementor-id=\"18\" class=\"elementor elementor-18\" data-elementor-post-type=\"page\">\n\t\t\t\t<div class=\"elementor-element elementor-element-9f378a7 e-flex e-con-boxed e-con e-parent\" data-id=\"9f378a7\" data-element_type=\"container\">\n\t\t\t\t\t<div class=\"e-con-inner\">\n\t\t\t\t<div class=\"elementor-element elementor-element-bcfadcd elementor-widget elementor-widget-text-editor\" data-id=\"bcfadcd\" data-element_type=\"widget\" data-widget_type=\"text-editor.default\">\n\t\t\t\t\t\t\t\t\t<p class=\"em_text\"><b>DZIA\u0141ALNO\u015a\u0106<\/b><br \/>Toru\u0144skie Stowarzyszenie &#8222;AMAZONKI&#8221; jest ruchem:<\/p><ul type=\"disc\"><li>spo\u0142ecznym<\/li><li>samorz\u0105dnym<\/li><li>dobrowolnym<\/li><li>apolitycznym<\/li><\/ul><p>\u00a0<\/p><p class=\"em_text\"><b>NASZYM CELEM<\/b>\u00a0jest wszechstronne dzia\u0142anie na rzecz kobiet z rakiem piersi<\/p><p class=\"em_text\"><b>FORMY DZIA\u0141ALNO\u015aCI<\/b>:<\/p><ul type=\"disc\"><li>prowadzenie rehabilitacji fizycznej i psychicznej po zabiegach i leczeniu raka piersi u\u0142atwiaj\u0105cych powr\u00f3t do pracy zawodowej, \u017cycia rodzinnego i ma\u0142\u017ce\u0144skiego<\/li><li>programowanie i organizowanie szkole\u0144 dla ochotniczek &#8211; wolontariuszek<\/li><li>opracowanie i wydawanie materia\u0142\u00f3w informacyjnych dla kobiet, propagowanie dzia\u0142alno\u015bci Stowarzyszenia oraz jego idei<\/li><li>zapoznawanie spo\u0142ecze\u0144stwa przez \u015brodki masowego przekazu z problematyk\u0105 kobiet z rakiem piersi i mo\u017cliwo\u015bciami ich powrotu do normalnego \u017cycia<\/li><li>w\u0142\u0105czenie si\u0119 do wszystkich akcji na rzecz wczesnego wykrywania leczenie raka piersi oraz rehabilitacji<\/li><li>organizowanie i prowadzenie sekcji wolontariuszek &#8211; ochotniczek przez sta\u0142e dy\u017cury na terenie szpitali<\/li><li>dy\u017cury ochotniczek w siedzibie Stowarzyszenia<\/li><li>wsp\u00f3\u0142praca i wspieranie Klub\u00f3w i Stowarzysze\u0144 &#8222;Amazonki&#8221; naszego regionu<\/li><\/ul>\t\t\t\t\t\t\t\t<\/div>\n\t\t\t\t\t<\/div>\n\t\t\t\t<\/div>\n\t\t\t\t<\/div>\n\t\t","protected":false},"excerpt":{"rendered":"<p>DZIA\u0141ALNO\u015a\u0106Toru\u0144skie Stowarzyszenie &#8222;AMAZONKI&#8221; jest ruchem: spo\u0142ecznym samorz\u0105dnym dobrowolnym apolitycznym \u00a0 NASZYM CELEM\u00a0jest wszechstronne dzia\u0142anie na rzecz kobiet z rakiem piersi FORMY DZIA\u0141ALNO\u015aCI: prowadzenie rehabilitacji fizycznej i psychicznej po zabiegach i leczeniu raka piersi u\u0142atwiaj\u0105cych powr\u00f3t do pracy zawodowej, \u017cycia rodzinnego i ma\u0142\u017ce\u0144skiego programowanie i organizowanie szkole\u0144 dla ochotniczek &#8211; wolontariuszek opracowanie i wydawanie materia\u0142\u00f3w informacyjnych [&hellip;]<\/p>\n","protected":false},"author":1,"featured_media":0,"parent":0,"menu_order":0,"comment_status":"closed","ping_status":"closed","template":"","meta":{"footnotes":""},"class_list":["post-18","page","type-page","status-publish","hentry"],"blocksy_meta":[],"_links":{"self":[{"href":"http:\/\/torunamazonki.pl\/index.php\/wp-json\/wp\/v2\/pages\/18","targetHints":{"allow":["GET"]}}],"collection":[{"href":"http:\/\/torunamazonki.pl\/index.php\/wp-json\/wp\/v2\/pages"}],"about":[{"href":"http:\/\/torunamazonki.pl\/index.php\/wp-json\/wp\/v2\/types\/page"}],"author":[{"embeddable":true,"href":"http:\/\/torunamazonki.pl\/index.php\/wp-json\/wp\/v2\/users\/1"}],"replies":[{"embeddable":true,"href":"http:\/\/torunamazonki.pl\/index.php\/wp-json\/wp\/v2\/comments?post=18"}],"version-history":[{"count":4,"href":"http:\/\/torunamazonki.pl\/index.php\/wp-json\/wp\/v2\/pages\/18\/revisions"}],"predecessor-version":[{"id":47,"href":"http:\/\/torunamazonki.pl\/index.php\/wp-json\/wp\/v2\/pages\/18\/revisions\/47"}],"wp:attachment":[{"href":"http:\/\/torunamazonki.pl\/index.php\/wp-json\/wp\/v2\/media?parent=18"}],"curies":[{"name":"wp","href":"https:\/\/api.w.org\/{rel}","templated":true}]}}