{"id":49,"date":"2025-12-02T11:41:32","date_gmt":"2025-12-02T11:41:32","guid":{"rendered":"https:\/\/torunamazonki.pl\/?page_id=49"},"modified":"2025-12-02T11:41:32","modified_gmt":"2025-12-02T11:41:32","slug":"zarzad","status":"publish","type":"page","link":"http:\/\/torunamazonki.pl\/index.php\/zarzad\/","title":{"rendered":"Zarz\u0105d"},"content":{"rendered":"\n<h2 class=\"wp-block-heading\">SK\u0141AD ZARZ\u0104DU<br>TORU\u0143SKIEGO STOWARZYSZENIA &#8222;AMAZONKI&#8221;<\/h2>\n\n\n\n<p>PREZES &#8211;&nbsp;<strong>Ola Kubacka-Du\u0144czyk<\/strong><\/p>\n\n\n\n<p>WICEPREZES &#8211;&nbsp;<strong>Joanna Jacek<\/strong><\/p>\n\n\n\n<p>SKARBNIK &#8211;&nbsp;<strong>Irena Jarz\u0105bek<\/strong><\/p>\n\n\n\n<p>SEKRETARZ &#8211;&nbsp;<strong>Ewa Munnik<\/strong><\/p>\n\n\n\n<p>CZ\u0141ONKOWIE &#8211;&nbsp;<strong>Barbara Olech<\/strong>,&nbsp;<strong>Hanna Kowalewska<\/strong><\/p>\n\n\n\n<p>KOMISJA REWIZYJNA<\/p>\n\n\n\n<p>Przewodnicz\u0105ca:&nbsp;<strong>El\u017cbieta Dro\u017cd\u017cewska<\/strong><\/p>\n\n\n\n<p>Cz\u0142onkowie:&nbsp;<strong>Bogumi\u0142a B\u0142a\u017cejewska<\/strong>,&nbsp;<strong>Irena Kozicka<\/strong><\/p>\n","protected":false},"excerpt":{"rendered":"<p>SK\u0141AD ZARZ\u0104DUTORU\u0143SKIEGO STOWARZYSZENIA &#8222;AMAZONKI&#8221; PREZES &#8211;&nbsp;Ola Kubacka-Du\u0144czyk WICEPREZES &#8211;&nbsp;Joanna Jacek SKARBNIK &#8211;&nbsp;Irena Jarz\u0105bek SEKRETARZ &#8211;&nbsp;Ewa Munnik CZ\u0141ONKOWIE &#8211;&nbsp;Barbara Olech,&nbsp;Hanna Kowalewska KOMISJA REWIZYJNA Przewodnicz\u0105ca:&nbsp;El\u017cbieta Dro\u017cd\u017cewska Cz\u0142onkowie:&nbsp;Bogumi\u0142a B\u0142a\u017cejewska,&nbsp;Irena Kozicka<\/p>\n","protected":false},"author":1,"featured_media":0,"parent":0,"menu_order":0,"comment_status":"closed","ping_status":"closed","template":"","meta":{"footnotes":""},"class_list":["post-49","page","type-page","status-publish","hentry"],"blocksy_meta":[],"_links":{"self":[{"href":"http:\/\/torunamazonki.pl\/index.php\/wp-json\/wp\/v2\/pages\/49","targetHints":{"allow":["GET"]}}],"collection":[{"href":"http:\/\/torunamazonki.pl\/index.php\/wp-json\/wp\/v2\/pages"}],"about":[{"href":"http:\/\/torunamazonki.pl\/index.php\/wp-json\/wp\/v2\/types\/page"}],"author":[{"embeddable":true,"href":"http:\/\/torunamazonki.pl\/index.php\/wp-json\/wp\/v2\/users\/1"}],"replies":[{"embeddable":true,"href":"http:\/\/torunamazonki.pl\/index.php\/wp-json\/wp\/v2\/comments?post=49"}],"version-history":[{"count":1,"href":"http:\/\/torunamazonki.pl\/index.php\/wp-json\/wp\/v2\/pages\/49\/revisions"}],"predecessor-version":[{"id":50,"href":"http:\/\/torunamazonki.pl\/index.php\/wp-json\/wp\/v2\/pages\/49\/revisions\/50"}],"wp:attachment":[{"href":"http:\/\/torunamazonki.pl\/index.php\/wp-json\/wp\/v2\/media?parent=49"}],"curies":[{"name":"wp","href":"https:\/\/api.w.org\/{rel}","templated":true}]}}