{"id":55,"date":"2025-12-02T11:44:59","date_gmt":"2025-12-02T11:44:59","guid":{"rendered":"https:\/\/torunamazonki.pl\/?page_id=55"},"modified":"2026-01-16T16:09:56","modified_gmt":"2026-01-16T16:09:56","slug":"wspieraja-nas","status":"publish","type":"page","link":"http:\/\/torunamazonki.pl\/index.php\/wspieraja-nas\/","title":{"rendered":"Wspieraj\u0105 nas"},"content":{"rendered":"\n<p><strong>Departament Spraw Spo\u0142ecznych i Zdrowia &#8211; Urz\u0105d Marsza\u0142kowski<\/strong><\/p>\n\n\n\n<p><strong>Urz\u0105d Miasta Torunia<\/strong><\/p>\n\n\n\n<p>&#8222;Wydawnictwo &#8222;<strong>Adam Marsza\u0142ek<\/strong>&#8222;<\/p>\n\n\n\n<p>&#8222;<strong>LILLY<\/strong>&#8221; &#8211; sklep Ewa Rybarczyk<\/p>\n\n\n\n<p>&#8222;<strong>AMOENA<\/strong>&#8222;<\/p>\n\n\n\n<p><\/p>\n\n\n\n<p><\/p>\n\n\n\n<p class=\"has-medium-font-size\"><strong>WSP\u00d3\u0141PRACUJ\u0104 Z NAMI:<\/strong><\/p>\n\n\n\n<p>Akademia Walki z Rakiem<\/p>\n\n\n\n<p>Stowarzyszenie KIERUNEK ZDROWIE<\/p>\n\n\n\n<p>STOWARZYSZENIE SPORTOWE AKTYWNI PRZEZ POKOLENIA<\/p>\n\n\n\n<p>BASEN HOTEL COPERNICUS<\/p>\n\n\n\n<p>STOWARZYSZENIE \u017bY\u0106 LEPIEJ<\/p>\n\n\n\n<p>GABINET KOSMETOLOGICZNY UPI\u0118KSZARNIA Doroty Rybarczyk<\/p>\n\n\n\n<p><\/p>\n","protected":false},"excerpt":{"rendered":"<p>Departament Spraw Spo\u0142ecznych i Zdrowia &#8211; Urz\u0105d Marsza\u0142kowski Urz\u0105d Miasta Torunia &#8222;Wydawnictwo &#8222;Adam Marsza\u0142ek&#8222; &#8222;LILLY&#8221; &#8211; sklep Ewa Rybarczyk &#8222;AMOENA&#8222; WSP\u00d3\u0141PRACUJ\u0104 Z NAMI: Akademia Walki z Rakiem Stowarzyszenie KIERUNEK ZDROWIE STOWARZYSZENIE SPORTOWE AKTYWNI PRZEZ POKOLENIA BASEN HOTEL COPERNICUS STOWARZYSZENIE \u017bY\u0106 LEPIEJ GABINET KOSMETOLOGICZNY UPI\u0118KSZARNIA Doroty Rybarczyk<\/p>\n","protected":false},"author":1,"featured_media":0,"parent":0,"menu_order":0,"comment_status":"closed","ping_status":"closed","template":"","meta":{"footnotes":""},"class_list":["post-55","page","type-page","status-publish","hentry"],"blocksy_meta":[],"_links":{"self":[{"href":"http:\/\/torunamazonki.pl\/index.php\/wp-json\/wp\/v2\/pages\/55","targetHints":{"allow":["GET"]}}],"collection":[{"href":"http:\/\/torunamazonki.pl\/index.php\/wp-json\/wp\/v2\/pages"}],"about":[{"href":"http:\/\/torunamazonki.pl\/index.php\/wp-json\/wp\/v2\/types\/page"}],"author":[{"embeddable":true,"href":"http:\/\/torunamazonki.pl\/index.php\/wp-json\/wp\/v2\/users\/1"}],"replies":[{"embeddable":true,"href":"http:\/\/torunamazonki.pl\/index.php\/wp-json\/wp\/v2\/comments?post=55"}],"version-history":[{"count":5,"href":"http:\/\/torunamazonki.pl\/index.php\/wp-json\/wp\/v2\/pages\/55\/revisions"}],"predecessor-version":[{"id":116,"href":"http:\/\/torunamazonki.pl\/index.php\/wp-json\/wp\/v2\/pages\/55\/revisions\/116"}],"wp:attachment":[{"href":"http:\/\/torunamazonki.pl\/index.php\/wp-json\/wp\/v2\/media?parent=55"}],"curies":[{"name":"wp","href":"https:\/\/api.w.org\/{rel}","templated":true}]}}